{"id":60,"date":"2023-02-18T10:06:11","date_gmt":"2023-02-18T10:06:11","guid":{"rendered":"http:\/\/grupociita.com.mx\/inicio\/?page_id=60"},"modified":"2024-04-16T14:31:35","modified_gmt":"2024-04-16T14:31:35","slug":"conocenos","status":"publish","type":"page","link":"https:\/\/grupociita.com.mx\/inicio\/conocenos\/","title":{"rendered":"Qui\u00e9nes somos"},"content":{"rendered":"\t\t<div data-elementor-type=\"wp-page\" data-elementor-id=\"60\" class=\"elementor elementor-60\">\n\t\t\t\t\t\t\t<div class=\"elementor-element elementor-element-6aacf812 e-flex e-con-boxed e-con\" data-id=\"6aacf812\" data-element_type=\"container\" data-settings=\"{&quot;background_background&quot;:&quot;classic&quot;,&quot;content_width&quot;:&quot;boxed&quot;}\">\n\t\t\t\t\t<div class=\"e-con-inner\">\n\t\t<div class=\"elementor-element elementor-element-5ec90045 e-con-full e-flex e-con\" data-id=\"5ec90045\" data-element_type=\"container\" data-settings=\"{&quot;content_width&quot;:&quot;full&quot;}\">\n\t\t\t\t<div class=\"elementor-element elementor-element-a1aab2d elementor-invisible elementor-widget elementor-widget-heading\" data-id=\"a1aab2d\" data-element_type=\"widget\" data-settings=\"{&quot;_animation&quot;:&quot;fadeInLeft&quot;}\" data-widget_type=\"heading.default\">\n\t\t\t\t<div class=\"elementor-widget-container\">\n\t\t\t<style>\/*! elementor - v3.14.0 - 26-06-2023 *\/\n.elementor-heading-title{padding:0;margin:0;line-height:1}.elementor-widget-heading .elementor-heading-title[class*=elementor-size-]>a{color:inherit;font-size:inherit;line-height:inherit}.elementor-widget-heading .elementor-heading-title.elementor-size-small{font-size:15px}.elementor-widget-heading .elementor-heading-title.elementor-size-medium{font-size:19px}.elementor-widget-heading .elementor-heading-title.elementor-size-large{font-size:29px}.elementor-widget-heading .elementor-heading-title.elementor-size-xl{font-size:39px}.elementor-widget-heading .elementor-heading-title.elementor-size-xxl{font-size:59px}<\/style><h1 class=\"elementor-heading-title elementor-size-default\">Grupo CIITA<\/h1>\t\t<\/div>\n\t\t\t\t<\/div>\n\t\t\t\t<div class=\"elementor-element elementor-element-2163f501 elementor-invisible elementor-widget elementor-widget-text-editor\" data-id=\"2163f501\" data-element_type=\"widget\" data-settings=\"{&quot;_animation&quot;:&quot;fadeInLeft&quot;}\" data-widget_type=\"text-editor.default\">\n\t\t\t\t<div class=\"elementor-widget-container\">\n\t\t\t<style>\/*! elementor - v3.14.0 - 26-06-2023 *\/\n.elementor-widget-text-editor.elementor-drop-cap-view-stacked .elementor-drop-cap{background-color:#69727d;color:#fff}.elementor-widget-text-editor.elementor-drop-cap-view-framed .elementor-drop-cap{color:#69727d;border:3px solid;background-color:transparent}.elementor-widget-text-editor:not(.elementor-drop-cap-view-default) .elementor-drop-cap{margin-top:8px}.elementor-widget-text-editor:not(.elementor-drop-cap-view-default) .elementor-drop-cap-letter{width:1em;height:1em}.elementor-widget-text-editor .elementor-drop-cap{float:left;text-align:center;line-height:1;font-size:50px}.elementor-widget-text-editor .elementor-drop-cap-letter{display:inline-block}<\/style>\t\t\t\t<p>Con 17 a\u00f1os de experiencia en el pa\u00eds, contamos con un equipo de profesionales multidisciplinarios, comprometidos en ofrecer soluciones efectivas a nuestros clientes. Brindando asesor\u00eda t\u00e9cnica y capacitaci\u00f3n a todos los niveles de la organizaci\u00f3n.<\/p>\t\t\t\t\t\t<\/div>\n\t\t\t\t<\/div>\n\t\t\t\t<\/div>\n\t\t<div class=\"elementor-element elementor-element-642aa689 e-con-full e-flex e-con\" data-id=\"642aa689\" data-element_type=\"container\" data-settings=\"{&quot;content_width&quot;:&quot;full&quot;}\">\n\t\t\t\t<div class=\"elementor-element elementor-element-3db917db elementor-invisible elementor-widget elementor-widget-image\" data-id=\"3db917db\" data-element_type=\"widget\" data-settings=\"{&quot;_animation&quot;:&quot;bounceInUp&quot;}\" data-widget_type=\"image.default\">\n\t\t\t\t<div class=\"elementor-widget-container\">\n\t\t\t<style>\/*! elementor - v3.14.0 - 26-06-2023 *\/\n.elementor-widget-image{text-align:center}.elementor-widget-image a{display:inline-block}.elementor-widget-image a img[src$=\".svg\"]{width:48px}.elementor-widget-image img{vertical-align:middle;display:inline-block}<\/style>\t\t\t\t\t\t\t\t\t\t\t\t<img decoding=\"async\" width=\"660\" height=\"650\" src=\"https:\/\/grupociita.com.mx\/inicio\/wp-content\/uploads\/2023\/03\/Nosotros_08-1024x1008.png\" class=\"attachment-large size-large wp-image-437\" alt=\"\" loading=\"lazy\" srcset=\"https:\/\/grupociita.com.mx\/inicio\/wp-content\/uploads\/2023\/03\/Nosotros_08-1024x1008.png 1024w, https:\/\/grupociita.com.mx\/inicio\/wp-content\/uploads\/2023\/03\/Nosotros_08-300x295.png 300w, https:\/\/grupociita.com.mx\/inicio\/wp-content\/uploads\/2023\/03\/Nosotros_08-768x756.png 768w, https:\/\/grupociita.com.mx\/inicio\/wp-content\/uploads\/2023\/03\/Nosotros_08-1536x1512.png 1536w, https:\/\/grupociita.com.mx\/inicio\/wp-content\/uploads\/2023\/03\/Nosotros_08-2048x2015.png 2048w\" sizes=\"(max-width: 660px) 100vw, 660px\" \/>\t\t\t\t\t\t\t\t\t\t\t\t\t\t\t<\/div>\n\t\t\t\t<\/div>\n\t\t\t\t<\/div>\n\t\t\t\t\t<\/div>\n\t\t\t\t<\/div>\n\t\t<div class=\"elementor-element elementor-element-60e0d9a2 e-flex e-con-boxed e-con\" data-id=\"60e0d9a2\" data-element_type=\"container\" data-settings=\"{&quot;background_background&quot;:&quot;gradient&quot;,&quot;content_width&quot;:&quot;boxed&quot;}\">\n\t\t\t\t\t<div class=\"e-con-inner\">\n\t\t<div class=\"elementor-element elementor-element-5ec2cc07 e-con-full e-flex e-con\" data-id=\"5ec2cc07\" data-element_type=\"container\" data-settings=\"{&quot;content_width&quot;:&quot;full&quot;}\">\n\t\t<div class=\"elementor-element elementor-element-78372f98 e-con-full e-flex e-con\" data-id=\"78372f98\" data-element_type=\"container\" data-settings=\"{&quot;content_width&quot;:&quot;full&quot;}\">\n\t\t\t\t<div class=\"elementor-element elementor-element-777ce722 elementor-invisible elementor-widget elementor-widget-image\" data-id=\"777ce722\" data-element_type=\"widget\" data-settings=\"{&quot;_animation&quot;:&quot;bounceIn&quot;}\" data-widget_type=\"image.default\">\n\t\t\t\t<div class=\"elementor-widget-container\">\n\t\t\t\t\t\t\t\t\t\t\t\t\t\t\t<img decoding=\"async\" width=\"660\" height=\"660\" src=\"https:\/\/grupociita.com.mx\/inicio\/wp-content\/uploads\/2023\/03\/Nosotros_04Logo_CIITA-1024x1024.png\" class=\"attachment-large size-large wp-image-423\" alt=\"\" loading=\"lazy\" srcset=\"https:\/\/grupociita.com.mx\/inicio\/wp-content\/uploads\/2023\/03\/Nosotros_04Logo_CIITA-1024x1024.png 1024w, https:\/\/grupociita.com.mx\/inicio\/wp-content\/uploads\/2023\/03\/Nosotros_04Logo_CIITA-300x300.png 300w, https:\/\/grupociita.com.mx\/inicio\/wp-content\/uploads\/2023\/03\/Nosotros_04Logo_CIITA-150x150.png 150w, https:\/\/grupociita.com.mx\/inicio\/wp-content\/uploads\/2023\/03\/Nosotros_04Logo_CIITA-768x768.png 768w, https:\/\/grupociita.com.mx\/inicio\/wp-content\/uploads\/2023\/03\/Nosotros_04Logo_CIITA-1536x1536.png 1536w, https:\/\/grupociita.com.mx\/inicio\/wp-content\/uploads\/2023\/03\/Nosotros_04Logo_CIITA-2048x2048.png 2048w\" sizes=\"(max-width: 660px) 100vw, 660px\" \/>\t\t\t\t\t\t\t\t\t\t\t\t\t\t\t<\/div>\n\t\t\t\t<\/div>\n\t\t\t\t<div class=\"elementor-element elementor-element-935b224 elementor-invisible elementor-widget elementor-widget-image\" data-id=\"935b224\" data-element_type=\"widget\" data-settings=\"{&quot;_animation&quot;:&quot;fadeInLeft&quot;}\" data-widget_type=\"image.default\">\n\t\t\t\t<div class=\"elementor-widget-container\">\n\t\t\t\t\t\t\t\t\t\t\t\t\t\t\t<img decoding=\"async\" width=\"660\" height=\"660\" src=\"https:\/\/grupociita.com.mx\/inicio\/wp-content\/uploads\/2023\/03\/Nosotros_02-1024x1024.png\" class=\"attachment-large size-large wp-image-421\" alt=\"\" loading=\"lazy\" srcset=\"https:\/\/grupociita.com.mx\/inicio\/wp-content\/uploads\/2023\/03\/Nosotros_02-1024x1024.png 1024w, https:\/\/grupociita.com.mx\/inicio\/wp-content\/uploads\/2023\/03\/Nosotros_02-300x300.png 300w, https:\/\/grupociita.com.mx\/inicio\/wp-content\/uploads\/2023\/03\/Nosotros_02-150x150.png 150w, https:\/\/grupociita.com.mx\/inicio\/wp-content\/uploads\/2023\/03\/Nosotros_02-768x768.png 768w, https:\/\/grupociita.com.mx\/inicio\/wp-content\/uploads\/2023\/03\/Nosotros_02-1536x1536.png 1536w, https:\/\/grupociita.com.mx\/inicio\/wp-content\/uploads\/2023\/03\/Nosotros_02-2048x2048.png 2048w\" sizes=\"(max-width: 660px) 100vw, 660px\" \/>\t\t\t\t\t\t\t\t\t\t\t\t\t\t\t<\/div>\n\t\t\t\t<\/div>\n\t\t\t\t<\/div>\n\t\t<div class=\"elementor-element elementor-element-51533949 e-con-full e-flex e-con\" data-id=\"51533949\" data-element_type=\"container\" data-settings=\"{&quot;content_width&quot;:&quot;full&quot;}\">\n\t\t\t\t<div class=\"elementor-element elementor-element-1e4a4410 elementor-invisible elementor-widget elementor-widget-image\" data-id=\"1e4a4410\" data-element_type=\"widget\" data-settings=\"{&quot;_animation&quot;:&quot;fadeInDown&quot;}\" data-widget_type=\"image.default\">\n\t\t\t\t<div class=\"elementor-widget-container\">\n\t\t\t\t\t\t\t\t\t\t\t\t\t\t\t<img decoding=\"async\" width=\"660\" height=\"660\" src=\"https:\/\/grupociita.com.mx\/inicio\/wp-content\/uploads\/2023\/03\/Nosotros_03-1024x1024.png\" class=\"attachment-large size-large wp-image-422\" alt=\"\" loading=\"lazy\" srcset=\"https:\/\/grupociita.com.mx\/inicio\/wp-content\/uploads\/2023\/03\/Nosotros_03-1024x1024.png 1024w, https:\/\/grupociita.com.mx\/inicio\/wp-content\/uploads\/2023\/03\/Nosotros_03-300x300.png 300w, https:\/\/grupociita.com.mx\/inicio\/wp-content\/uploads\/2023\/03\/elementor\/thumbs\/Nosotros_03-q3bks4katf27ngbv767xuf73hfv6fx6ytcxkt0ys7w.png 150w, https:\/\/grupociita.com.mx\/inicio\/wp-content\/uploads\/2023\/03\/Nosotros_03-768x768.png 768w, https:\/\/grupociita.com.mx\/inicio\/wp-content\/uploads\/2023\/03\/Nosotros_03-1536x1536.png 1536w, https:\/\/grupociita.com.mx\/inicio\/wp-content\/uploads\/2023\/03\/Nosotros_03-2048x2048.png 2048w\" sizes=\"(max-width: 660px) 100vw, 660px\" \/>\t\t\t\t\t\t\t\t\t\t\t\t\t\t\t<\/div>\n\t\t\t\t<\/div>\n\t\t\t\t<div class=\"elementor-element elementor-element-41464a7a elementor-invisible elementor-widget elementor-widget-image\" data-id=\"41464a7a\" data-element_type=\"widget\" data-settings=\"{&quot;_animation&quot;:&quot;fadeInUp&quot;}\" data-widget_type=\"image.default\">\n\t\t\t\t<div class=\"elementor-widget-container\">\n\t\t\t\t\t\t\t\t\t\t\t\t\t\t\t<img decoding=\"async\" width=\"660\" height=\"660\" src=\"https:\/\/grupociita.com.mx\/inicio\/wp-content\/uploads\/2023\/03\/Nosotros_05-1024x1024.png\" class=\"attachment-large size-large wp-image-424\" alt=\"\" loading=\"lazy\" srcset=\"https:\/\/grupociita.com.mx\/inicio\/wp-content\/uploads\/2023\/03\/Nosotros_05-1024x1024.png 1024w, https:\/\/grupociita.com.mx\/inicio\/wp-content\/uploads\/2023\/03\/Nosotros_05-300x300.png 300w, https:\/\/grupociita.com.mx\/inicio\/wp-content\/uploads\/2023\/03\/elementor\/thumbs\/Nosotros_05-q3bkzrz0fvj8577tiz9mmzp5jc5q38kbj82uf3mfks.png 150w, https:\/\/grupociita.com.mx\/inicio\/wp-content\/uploads\/2023\/03\/Nosotros_05-768x768.png 768w, https:\/\/grupociita.com.mx\/inicio\/wp-content\/uploads\/2023\/03\/Nosotros_05-1536x1536.png 1536w, https:\/\/grupociita.com.mx\/inicio\/wp-content\/uploads\/2023\/03\/Nosotros_05-2048x2048.png 2048w\" sizes=\"(max-width: 660px) 100vw, 660px\" \/>\t\t\t\t\t\t\t\t\t\t\t\t\t\t\t<\/div>\n\t\t\t\t<\/div>\n\t\t\t\t<\/div>\n\t\t\t\t<\/div>\n\t\t<div class=\"elementor-element elementor-element-74a06c85 e-con-full e-flex e-con\" data-id=\"74a06c85\" data-element_type=\"container\" data-settings=\"{&quot;content_width&quot;:&quot;full&quot;}\">\n\t\t\t\t<div class=\"elementor-element elementor-element-36ab0e5a elementor-invisible elementor-widget elementor-widget-heading\" data-id=\"36ab0e5a\" data-element_type=\"widget\" data-settings=\"{&quot;_animation&quot;:&quot;fadeInRight&quot;}\" data-widget_type=\"heading.default\">\n\t\t\t\t<div class=\"elementor-widget-container\">\n\t\t\t<h3 class=\"elementor-heading-title elementor-size-default\">Visi\u00f3n<\/h3>\t\t<\/div>\n\t\t\t\t<\/div>\n\t\t\t\t<div class=\"elementor-element elementor-element-6fa746ec elementor-invisible elementor-widget elementor-widget-text-editor\" data-id=\"6fa746ec\" data-element_type=\"widget\" data-settings=\"{&quot;_animation&quot;:&quot;fadeInRight&quot;}\" data-widget_type=\"text-editor.default\">\n\t\t\t\t<div class=\"elementor-widget-container\">\n\t\t\t\t\t\t\t<p>Ser una empresa reconocida como una consultor\u00eda que ayuda a resolver las necesidades en materia de cumplimiento normativo de nuestros clientes de una manera integral y responsable.<\/p>\t\t\t\t\t\t<\/div>\n\t\t\t\t<\/div>\n\t\t\t\t<\/div>\n\t\t\t\t\t<\/div>\n\t\t\t\t<\/div>\n\t\t<div class=\"elementor-element elementor-element-a362dbc e-flex e-con-boxed e-con\" data-id=\"a362dbc\" data-element_type=\"container\" data-settings=\"{&quot;background_background&quot;:&quot;classic&quot;,&quot;content_width&quot;:&quot;boxed&quot;}\">\n\t\t\t\t\t<div class=\"e-con-inner\">\n\t\t<div class=\"elementor-element elementor-element-eb71d33 e-con-full e-flex e-con\" data-id=\"eb71d33\" data-element_type=\"container\" data-settings=\"{&quot;content_width&quot;:&quot;full&quot;}\">\n\t\t\t\t<div class=\"elementor-element elementor-element-ec920d4 elementor-invisible elementor-widget elementor-widget-heading\" data-id=\"ec920d4\" data-element_type=\"widget\" data-settings=\"{&quot;_animation&quot;:&quot;fadeInLeft&quot;}\" data-widget_type=\"heading.default\">\n\t\t\t\t<div class=\"elementor-widget-container\">\n\t\t\t<h1 class=\"elementor-heading-title elementor-size-default\">Misi\u00f3n<\/h1>\t\t<\/div>\n\t\t\t\t<\/div>\n\t\t\t\t<div class=\"elementor-element elementor-element-8ddc2d1 elementor-invisible elementor-widget elementor-widget-text-editor\" data-id=\"8ddc2d1\" data-element_type=\"widget\" data-settings=\"{&quot;_animation&quot;:&quot;fadeInLeft&quot;}\" data-widget_type=\"text-editor.default\">\n\t\t\t\t<div class=\"elementor-widget-container\">\n\t\t\t\t\t\t\t<p>Ayudar a facilitar el establecimiento y operaci\u00f3n de <br \/>las empresas de nuestros clientes, escuchando las <br \/>necesidades y brindando soluciones integrales y <br \/>profesionales en tr\u00e1mites federales, estatales y locales.<\/p>\t\t\t\t\t\t<\/div>\n\t\t\t\t<\/div>\n\t\t\t\t<\/div>\n\t\t<div class=\"elementor-element elementor-element-6cbd721 e-con-full e-flex e-con\" data-id=\"6cbd721\" data-element_type=\"container\" data-settings=\"{&quot;content_width&quot;:&quot;full&quot;}\">\n\t\t\t\t<div class=\"elementor-element elementor-element-a6d9fa8 elementor-invisible elementor-widget elementor-widget-image\" data-id=\"a6d9fa8\" data-element_type=\"widget\" data-settings=\"{&quot;_animation&quot;:&quot;zoomIn&quot;}\" data-widget_type=\"image.default\">\n\t\t\t\t<div class=\"elementor-widget-container\">\n\t\t\t\t\t\t\t\t\t\t\t\t\t\t\t<img decoding=\"async\" width=\"660\" height=\"660\" src=\"https:\/\/grupociita.com.mx\/inicio\/wp-content\/uploads\/2023\/03\/Nosotros_06-1024x1024.png\" class=\"attachment-large size-large wp-image-429\" alt=\"\" loading=\"lazy\" srcset=\"https:\/\/grupociita.com.mx\/inicio\/wp-content\/uploads\/2023\/03\/Nosotros_06-1024x1024.png 1024w, https:\/\/grupociita.com.mx\/inicio\/wp-content\/uploads\/2023\/03\/Nosotros_06-300x300.png 300w, https:\/\/grupociita.com.mx\/inicio\/wp-content\/uploads\/2023\/03\/Nosotros_06-150x150.png 150w, https:\/\/grupociita.com.mx\/inicio\/wp-content\/uploads\/2023\/03\/Nosotros_06-768x768.png 768w, https:\/\/grupociita.com.mx\/inicio\/wp-content\/uploads\/2023\/03\/Nosotros_06-1536x1536.png 1536w, https:\/\/grupociita.com.mx\/inicio\/wp-content\/uploads\/2023\/03\/Nosotros_06-2048x2048.png 2048w\" sizes=\"(max-width: 660px) 100vw, 660px\" \/>\t\t\t\t\t\t\t\t\t\t\t\t\t\t\t<\/div>\n\t\t\t\t<\/div>\n\t\t\t\t<\/div>\n\t\t\t\t\t<\/div>\n\t\t\t\t<\/div>\n\t\t<div class=\"elementor-element elementor-element-1108d64e e-flex e-con-boxed e-con\" data-id=\"1108d64e\" data-element_type=\"container\" data-settings=\"{&quot;content_width&quot;:&quot;boxed&quot;}\">\n\t\t\t\t\t<div class=\"e-con-inner\">\n\t\t\t\t<div class=\"elementor-element elementor-element-49e253f6 elementor-invisible elementor-widget elementor-widget-heading\" data-id=\"49e253f6\" data-element_type=\"widget\" data-settings=\"{&quot;_animation&quot;:&quot;fadeInUp&quot;}\" data-widget_type=\"heading.default\">\n\t\t\t\t<div class=\"elementor-widget-container\">\n\t\t\t<h3 class=\"elementor-heading-title elementor-size-default\">Pol\u00edtica<\/h3>\t\t<\/div>\n\t\t\t\t<\/div>\n\t\t\t\t<div class=\"elementor-element elementor-element-7adb9424 elementor-invisible elementor-widget elementor-widget-text-editor\" data-id=\"7adb9424\" data-element_type=\"widget\" data-settings=\"{&quot;_animation&quot;:&quot;fadeInUp&quot;}\" data-widget_type=\"text-editor.default\">\n\t\t\t\t<div class=\"elementor-widget-container\">\n\t\t\t\t\t\t\t<p>Consultores Interdisciplinarios en Ingenier\u00eda y Tecnolog\u00eda Ambiental, S.A. de C.V. tiene un compromiso con el cumplimiento de las expectativas de nuestros clientes, <br>enfocando nuestro esfuerzo en la calidad de nuestros servicios y productos, con el apoyo de todo el personal, teniendo una mejora continua.<\/p>\t\t\t\t\t\t<\/div>\n\t\t\t\t<\/div>\n\t\t\t\t<div class=\"elementor-element elementor-element-772ae66 elementor-invisible elementor-widget elementor-widget-image\" data-id=\"772ae66\" data-element_type=\"widget\" data-settings=\"{&quot;_animation&quot;:&quot;bounceInUp&quot;}\" data-widget_type=\"image.default\">\n\t\t\t\t<div class=\"elementor-widget-container\">\n\t\t\t\t\t\t\t\t\t\t\t\t\t\t\t<img decoding=\"async\" width=\"660\" height=\"530\" src=\"https:\/\/grupociita.com.mx\/inicio\/wp-content\/uploads\/2023\/03\/Nosotros_07-1024x822.png\" class=\"attachment-large size-large wp-image-430\" alt=\"\" loading=\"lazy\" srcset=\"https:\/\/grupociita.com.mx\/inicio\/wp-content\/uploads\/2023\/03\/Nosotros_07-1024x822.png 1024w, https:\/\/grupociita.com.mx\/inicio\/wp-content\/uploads\/2023\/03\/Nosotros_07-300x241.png 300w, https:\/\/grupociita.com.mx\/inicio\/wp-content\/uploads\/2023\/03\/Nosotros_07-768x617.png 768w, https:\/\/grupociita.com.mx\/inicio\/wp-content\/uploads\/2023\/03\/Nosotros_07-1536x1233.png 1536w, https:\/\/grupociita.com.mx\/inicio\/wp-content\/uploads\/2023\/03\/Nosotros_07-2048x1644.png 2048w\" sizes=\"(max-width: 660px) 100vw, 660px\" \/>\t\t\t\t\t\t\t\t\t\t\t\t\t\t\t<\/div>\n\t\t\t\t<\/div>\n\t\t\t\t\t<\/div>\n\t\t\t\t<\/div>\n\t\t<div class=\"elementor-element elementor-element-25a8969 e-flex e-con-boxed e-con\" data-id=\"25a8969\" data-element_type=\"container\" data-settings=\"{&quot;content_width&quot;:&quot;boxed&quot;}\">\n\t\t\t\t\t<div class=\"e-con-inner\">\n\t\t\t\t<div class=\"elementor-element elementor-element-1cca84b elementor-widget elementor-widget-spacer\" data-id=\"1cca84b\" data-element_type=\"widget\" data-widget_type=\"spacer.default\">\n\t\t\t\t<div class=\"elementor-widget-container\">\n\t\t\t<style>\/*! elementor - v3.14.0 - 26-06-2023 *\/\n.elementor-column .elementor-spacer-inner{height:var(--spacer-size)}.e-con{--container-widget-width:100%}.e-con-inner>.elementor-widget-spacer,.e-con>.elementor-widget-spacer{width:var(--container-widget-width,var(--spacer-size));--align-self:var(--container-widget-align-self,initial);--flex-shrink:0}.e-con-inner>.elementor-widget-spacer>.elementor-widget-container,.e-con-inner>.elementor-widget-spacer>.elementor-widget-container>.elementor-spacer,.e-con>.elementor-widget-spacer>.elementor-widget-container,.e-con>.elementor-widget-spacer>.elementor-widget-container>.elementor-spacer{height:100%}.e-con-inner>.elementor-widget-spacer>.elementor-widget-container>.elementor-spacer>.elementor-spacer-inner,.e-con>.elementor-widget-spacer>.elementor-widget-container>.elementor-spacer>.elementor-spacer-inner{height:var(--container-widget-height,var(--spacer-size))}<\/style>\t\t<div class=\"elementor-spacer\">\n\t\t\t<div class=\"elementor-spacer-inner\"><\/div>\n\t\t<\/div>\n\t\t\t\t<\/div>\n\t\t\t\t<\/div>\n\t\t\t\t\t<\/div>\n\t\t\t\t<\/div>\n\t\t\t\t\t\t\t<\/div>\n\t\t","protected":false},"excerpt":{"rendered":"<p>Grupo CIITA Con 17 a\u00f1os de experiencia en el pa\u00eds, contamos con un equipo de profesionales multidisciplinarios, comprometidos en ofrecer soluciones efectivas a nuestros clientes. Brindando asesor\u00eda t\u00e9cnica y capacitaci\u00f3n a todos los niveles de la organizaci\u00f3n. Visi\u00f3n Ser una empresa reconocida como una consultor\u00eda que ayuda a resolver las necesidades en materia de cumplimiento [&hellip;]<\/p>\n","protected":false},"author":1,"featured_media":0,"parent":0,"menu_order":0,"comment_status":"closed","ping_status":"closed","template":"elementor_header_footer","meta":{"_coblocks_attr":"","_coblocks_dimensions":"","_coblocks_responsive_height":"","_coblocks_accordion_ie_support":"","_eb_attr":"","hide_page_title":""},"_links":{"self":[{"href":"https:\/\/grupociita.com.mx\/inicio\/wp-json\/wp\/v2\/pages\/60"}],"collection":[{"href":"https:\/\/grupociita.com.mx\/inicio\/wp-json\/wp\/v2\/pages"}],"about":[{"href":"https:\/\/grupociita.com.mx\/inicio\/wp-json\/wp\/v2\/types\/page"}],"author":[{"embeddable":true,"href":"https:\/\/grupociita.com.mx\/inicio\/wp-json\/wp\/v2\/users\/1"}],"replies":[{"embeddable":true,"href":"https:\/\/grupociita.com.mx\/inicio\/wp-json\/wp\/v2\/comments?post=60"}],"version-history":[{"count":23,"href":"https:\/\/grupociita.com.mx\/inicio\/wp-json\/wp\/v2\/pages\/60\/revisions"}],"predecessor-version":[{"id":1029,"href":"https:\/\/grupociita.com.mx\/inicio\/wp-json\/wp\/v2\/pages\/60\/revisions\/1029"}],"wp:attachment":[{"href":"https:\/\/grupociita.com.mx\/inicio\/wp-json\/wp\/v2\/media?parent=60"}],"curies":[{"name":"wp","href":"https:\/\/api.w.org\/{rel}","templated":true}]}}