{"id":66,"date":"2023-02-18T10:07:46","date_gmt":"2023-02-18T10:07:46","guid":{"rendered":"http:\/\/grupociita.com.mx\/inicio\/?page_id=66"},"modified":"2023-03-15T18:08:09","modified_gmt":"2023-03-15T18:08:09","slug":"cre","status":"publish","type":"page","link":"https:\/\/grupociita.com.mx\/inicio\/cre\/","title":{"rendered":"CRE"},"content":{"rendered":"\t\t<div data-elementor-type=\"wp-page\" data-elementor-id=\"66\" class=\"elementor elementor-66\">\n\t\t\t\t\t\t\t<div class=\"elementor-element elementor-element-3bd3de4f e-flex e-con-boxed e-con\" data-id=\"3bd3de4f\" data-element_type=\"container\" data-settings=\"{&quot;background_background&quot;:&quot;classic&quot;,&quot;content_width&quot;:&quot;boxed&quot;}\">\n\t\t\t\t\t<div class=\"e-con-inner\">\n\t\t<div class=\"elementor-element elementor-element-1c8d3073 e-con-full e-flex e-con\" data-id=\"1c8d3073\" data-element_type=\"container\" data-settings=\"{&quot;content_width&quot;:&quot;full&quot;}\">\n\t\t\t\t<div class=\"elementor-element elementor-element-2ba28805 elementor-invisible elementor-widget elementor-widget-heading\" data-id=\"2ba28805\" data-element_type=\"widget\" data-settings=\"{&quot;_animation&quot;:&quot;fadeInLeft&quot;}\" data-widget_type=\"heading.default\">\n\t\t\t\t<div class=\"elementor-widget-container\">\n\t\t\t<style>\/*! elementor - v3.14.0 - 26-06-2023 *\/\n.elementor-heading-title{padding:0;margin:0;line-height:1}.elementor-widget-heading .elementor-heading-title[class*=elementor-size-]>a{color:inherit;font-size:inherit;line-height:inherit}.elementor-widget-heading .elementor-heading-title.elementor-size-small{font-size:15px}.elementor-widget-heading .elementor-heading-title.elementor-size-medium{font-size:19px}.elementor-widget-heading .elementor-heading-title.elementor-size-large{font-size:29px}.elementor-widget-heading .elementor-heading-title.elementor-size-xl{font-size:39px}.elementor-widget-heading .elementor-heading-title.elementor-size-xxl{font-size:59px}<\/style><h1 class=\"elementor-heading-title elementor-size-default\">Comisi\u00f3n Reguladora de Energ\u00eda (CRE)<\/h1>\t\t<\/div>\n\t\t\t\t<\/div>\n\t\t\t\t<div class=\"elementor-element elementor-element-4ab2e369 elementor-invisible elementor-widget elementor-widget-text-editor\" data-id=\"4ab2e369\" data-element_type=\"widget\" data-settings=\"{&quot;_animation&quot;:&quot;fadeInLeft&quot;}\" data-widget_type=\"text-editor.default\">\n\t\t\t\t<div class=\"elementor-widget-container\">\n\t\t\t<style>\/*! elementor - v3.14.0 - 26-06-2023 *\/\n.elementor-widget-text-editor.elementor-drop-cap-view-stacked .elementor-drop-cap{background-color:#69727d;color:#fff}.elementor-widget-text-editor.elementor-drop-cap-view-framed .elementor-drop-cap{color:#69727d;border:3px solid;background-color:transparent}.elementor-widget-text-editor:not(.elementor-drop-cap-view-default) .elementor-drop-cap{margin-top:8px}.elementor-widget-text-editor:not(.elementor-drop-cap-view-default) .elementor-drop-cap-letter{width:1em;height:1em}.elementor-widget-text-editor .elementor-drop-cap{float:left;text-align:center;line-height:1;font-size:50px}.elementor-widget-text-editor .elementor-drop-cap-letter{display:inline-block}<\/style>\t\t\t\t<p>En Grupo CIITA contamos con tr\u00e1mites ante la dependencia de la Comisi\u00f3n Reguladora de Energ\u00eda.<\/p>\t\t\t\t\t\t<\/div>\n\t\t\t\t<\/div>\n\t\t\t\t<\/div>\n\t\t<div class=\"elementor-element elementor-element-3f4b0af2 e-con-full e-flex e-con\" data-id=\"3f4b0af2\" data-element_type=\"container\" data-settings=\"{&quot;content_width&quot;:&quot;full&quot;}\">\n\t\t\t\t<div class=\"elementor-element elementor-element-42ffd112 elementor-invisible elementor-widget elementor-widget-image\" data-id=\"42ffd112\" data-element_type=\"widget\" data-settings=\"{&quot;_animation&quot;:&quot;bounceInUp&quot;}\" data-widget_type=\"image.default\">\n\t\t\t\t<div class=\"elementor-widget-container\">\n\t\t\t<style>\/*! elementor - v3.14.0 - 26-06-2023 *\/\n.elementor-widget-image{text-align:center}.elementor-widget-image a{display:inline-block}.elementor-widget-image a img[src$=\".svg\"]{width:48px}.elementor-widget-image img{vertical-align:middle;display:inline-block}<\/style>\t\t\t\t\t\t\t\t\t\t\t\t<img decoding=\"async\" width=\"660\" height=\"531\" src=\"https:\/\/grupociita.com.mx\/inicio\/wp-content\/uploads\/2023\/03\/CRE_001-1024x824.png\" class=\"attachment-large size-large wp-image-451\" alt=\"\" loading=\"lazy\" srcset=\"https:\/\/grupociita.com.mx\/inicio\/wp-content\/uploads\/2023\/03\/CRE_001-1024x824.png 1024w, https:\/\/grupociita.com.mx\/inicio\/wp-content\/uploads\/2023\/03\/CRE_001-300x241.png 300w, https:\/\/grupociita.com.mx\/inicio\/wp-content\/uploads\/2023\/03\/CRE_001-768x618.png 768w, https:\/\/grupociita.com.mx\/inicio\/wp-content\/uploads\/2023\/03\/CRE_001.png 1488w\" sizes=\"(max-width: 660px) 100vw, 660px\" \/>\t\t\t\t\t\t\t\t\t\t\t\t\t\t\t<\/div>\n\t\t\t\t<\/div>\n\t\t\t\t<\/div>\n\t\t\t\t\t<\/div>\n\t\t\t\t<\/div>\n\t\t<div class=\"elementor-element elementor-element-5cd412fe e-flex e-con-boxed e-con\" data-id=\"5cd412fe\" data-element_type=\"container\" id=\"next\" data-settings=\"{&quot;background_background&quot;:&quot;classic&quot;,&quot;content_width&quot;:&quot;boxed&quot;}\">\n\t\t\t\t\t<div class=\"e-con-inner\">\n\t\t\t\t<div class=\"elementor-element elementor-element-777ac180 elementor-invisible elementor-widget elementor-widget-heading\" data-id=\"777ac180\" data-element_type=\"widget\" data-settings=\"{&quot;_animation&quot;:&quot;zoomInDown&quot;}\" data-widget_type=\"heading.default\">\n\t\t\t\t<div class=\"elementor-widget-container\">\n\t\t\t<h3 class=\"elementor-heading-title elementor-size-default\">Nuestros Servicios<\/h3>\t\t<\/div>\n\t\t\t\t<\/div>\n\t\t\t\t<div class=\"elementor-element elementor-element-56a0388c elementor-invisible elementor-widget elementor-widget-heading\" data-id=\"56a0388c\" data-element_type=\"widget\" data-settings=\"{&quot;_animation&quot;:&quot;zoomInDown&quot;}\" data-widget_type=\"heading.default\">\n\t\t\t\t<div class=\"elementor-widget-container\">\n\t\t\t<p class=\"elementor-heading-title elementor-size-default\">Conoce el cat\u00e1logo de servicios que tenemos para ofrecerte<\/p>\t\t<\/div>\n\t\t\t\t<\/div>\n\t\t<div class=\"elementor-element elementor-element-71768667 e-con-full e-flex e-con\" data-id=\"71768667\" data-element_type=\"container\" data-settings=\"{&quot;content_width&quot;:&quot;full&quot;}\">\n\t\t<div class=\"elementor-element elementor-element-aad0794 e-con-full e-flex e-con\" data-id=\"aad0794\" data-element_type=\"container\" data-settings=\"{&quot;content_width&quot;:&quot;full&quot;}\">\n\t\t\t\t<div class=\"elementor-element elementor-element-11d3defa elementor-position-top elementor-vertical-align-top elementor-widget elementor-widget-image-box\" data-id=\"11d3defa\" data-element_type=\"widget\" data-widget_type=\"image-box.default\">\n\t\t\t\t<div class=\"elementor-widget-container\">\n\t\t\t<style>\/*! elementor - v3.14.0 - 26-06-2023 *\/\n.elementor-widget-image-box .elementor-image-box-content{width:100%}@media (min-width:768px){.elementor-widget-image-box.elementor-position-left .elementor-image-box-wrapper,.elementor-widget-image-box.elementor-position-right .elementor-image-box-wrapper{display:flex}.elementor-widget-image-box.elementor-position-right .elementor-image-box-wrapper{text-align:right;flex-direction:row-reverse}.elementor-widget-image-box.elementor-position-left .elementor-image-box-wrapper{text-align:left;flex-direction:row}.elementor-widget-image-box.elementor-position-top .elementor-image-box-img{margin:auto}.elementor-widget-image-box.elementor-vertical-align-top .elementor-image-box-wrapper{align-items:flex-start}.elementor-widget-image-box.elementor-vertical-align-middle .elementor-image-box-wrapper{align-items:center}.elementor-widget-image-box.elementor-vertical-align-bottom .elementor-image-box-wrapper{align-items:flex-end}}@media (max-width:767px){.elementor-widget-image-box .elementor-image-box-img{margin-left:auto!important;margin-right:auto!important;margin-bottom:15px}}.elementor-widget-image-box .elementor-image-box-img{display:inline-block}.elementor-widget-image-box .elementor-image-box-title a{color:inherit}.elementor-widget-image-box .elementor-image-box-wrapper{text-align:center}.elementor-widget-image-box .elementor-image-box-description{margin:0}<\/style><div class=\"elementor-image-box-wrapper\"><figure class=\"elementor-image-box-img\"><a href=\"#\"><img decoding=\"async\" width=\"834\" height=\"834\" src=\"https:\/\/grupociita.com.mx\/inicio\/wp-content\/uploads\/2023\/03\/CRE_permisos.png\" class=\"elementor-animation-grow attachment-full size-full wp-image-453\" alt=\"\" loading=\"lazy\" srcset=\"https:\/\/grupociita.com.mx\/inicio\/wp-content\/uploads\/2023\/03\/CRE_permisos.png 834w, https:\/\/grupociita.com.mx\/inicio\/wp-content\/uploads\/2023\/03\/CRE_permisos-300x300.png 300w, https:\/\/grupociita.com.mx\/inicio\/wp-content\/uploads\/2023\/03\/CRE_permisos-150x150.png 150w, https:\/\/grupociita.com.mx\/inicio\/wp-content\/uploads\/2023\/03\/CRE_permisos-768x768.png 768w\" sizes=\"(max-width: 834px) 100vw, 834px\" \/><\/a><\/figure><div class=\"elementor-image-box-content\"><h4 class=\"elementor-image-box-title\"><a href=\"#\">PERMISO CRE<\/a><\/h4><p class=\"elementor-image-box-description\">Pre-Registro en la OPE,\nCotejo,\nOPE CRE,\nSolicitud de permiso y\nSeguimiento.<\/p><\/div><\/div>\t\t<\/div>\n\t\t\t\t<\/div>\n\t\t\t\t<\/div>\n\t\t<div class=\"elementor-element elementor-element-77b0d1a7 e-con-full e-flex e-con\" data-id=\"77b0d1a7\" data-element_type=\"container\" data-settings=\"{&quot;content_width&quot;:&quot;full&quot;}\">\n\t\t\t\t<div class=\"elementor-element elementor-element-1f7f3626 elementor-position-top elementor-vertical-align-top elementor-widget elementor-widget-image-box\" data-id=\"1f7f3626\" data-element_type=\"widget\" data-widget_type=\"image-box.default\">\n\t\t\t\t<div class=\"elementor-widget-container\">\n\t\t\t<div class=\"elementor-image-box-wrapper\"><figure class=\"elementor-image-box-img\"><a href=\"#\"><img decoding=\"async\" width=\"834\" height=\"834\" src=\"https:\/\/grupociita.com.mx\/inicio\/wp-content\/uploads\/2023\/03\/CRE_registro-de-poliza.png\" class=\"elementor-animation-grow attachment-full size-full wp-image-454\" alt=\"\" loading=\"lazy\" srcset=\"https:\/\/grupociita.com.mx\/inicio\/wp-content\/uploads\/2023\/03\/CRE_registro-de-poliza.png 834w, https:\/\/grupociita.com.mx\/inicio\/wp-content\/uploads\/2023\/03\/CRE_registro-de-poliza-300x300.png 300w, https:\/\/grupociita.com.mx\/inicio\/wp-content\/uploads\/2023\/03\/CRE_registro-de-poliza-150x150.png 150w, https:\/\/grupociita.com.mx\/inicio\/wp-content\/uploads\/2023\/03\/CRE_registro-de-poliza-768x768.png 768w\" sizes=\"(max-width: 834px) 100vw, 834px\" \/><\/a><\/figure><div class=\"elementor-image-box-content\"><h4 class=\"elementor-image-box-title\"><a href=\"#\">REGISTRO DE P\u00d3LIZA DE SEGUROS<\/a><\/h4><\/div><\/div>\t\t<\/div>\n\t\t\t\t<\/div>\n\t\t\t\t<\/div>\n\t\t<div class=\"elementor-element elementor-element-7209d789 e-con-full e-flex e-con\" data-id=\"7209d789\" data-element_type=\"container\" data-settings=\"{&quot;content_width&quot;:&quot;full&quot;}\">\n\t\t\t\t<div class=\"elementor-element elementor-element-7793048e elementor-position-top elementor-vertical-align-top elementor-widget elementor-widget-image-box\" data-id=\"7793048e\" data-element_type=\"widget\" data-widget_type=\"image-box.default\">\n\t\t\t\t<div class=\"elementor-widget-container\">\n\t\t\t<div class=\"elementor-image-box-wrapper\"><figure class=\"elementor-image-box-img\"><a href=\"#\"><img decoding=\"async\" width=\"834\" height=\"834\" src=\"https:\/\/grupociita.com.mx\/inicio\/wp-content\/uploads\/2023\/03\/CRE_sistema-de-gestion-de-las-mediciones.png\" class=\"elementor-animation-grow attachment-full size-full wp-image-455\" alt=\"\" loading=\"lazy\" srcset=\"https:\/\/grupociita.com.mx\/inicio\/wp-content\/uploads\/2023\/03\/CRE_sistema-de-gestion-de-las-mediciones.png 834w, https:\/\/grupociita.com.mx\/inicio\/wp-content\/uploads\/2023\/03\/CRE_sistema-de-gestion-de-las-mediciones-300x300.png 300w, https:\/\/grupociita.com.mx\/inicio\/wp-content\/uploads\/2023\/03\/CRE_sistema-de-gestion-de-las-mediciones-150x150.png 150w, https:\/\/grupociita.com.mx\/inicio\/wp-content\/uploads\/2023\/03\/CRE_sistema-de-gestion-de-las-mediciones-768x768.png 768w\" sizes=\"(max-width: 834px) 100vw, 834px\" \/><\/a><\/figure><div class=\"elementor-image-box-content\"><h4 class=\"elementor-image-box-title\"><a href=\"#\">SISTEMA DE GESTI\u00d3N DE LAS MEDICIONES <\/a><\/h4><p class=\"elementor-image-box-description\">Conformaci\u00f3n,\nImplementaci\u00f3n e\nInforme Anual.<\/p><\/div><\/div>\t\t<\/div>\n\t\t\t\t<\/div>\n\t\t\t\t<\/div>\n\t\t<div class=\"elementor-element elementor-element-779f556a e-con-full e-flex e-con\" data-id=\"779f556a\" data-element_type=\"container\" data-settings=\"{&quot;content_width&quot;:&quot;full&quot;}\">\n\t\t\t\t<div class=\"elementor-element elementor-element-24874605 elementor-position-top elementor-vertical-align-top elementor-widget elementor-widget-image-box\" data-id=\"24874605\" data-element_type=\"widget\" data-widget_type=\"image-box.default\">\n\t\t\t\t<div class=\"elementor-widget-container\">\n\t\t\t<div class=\"elementor-image-box-wrapper\"><figure class=\"elementor-image-box-img\"><a href=\"#\"><img decoding=\"async\" width=\"834\" height=\"834\" src=\"https:\/\/grupociita.com.mx\/inicio\/wp-content\/uploads\/2023\/03\/CRE_diagnostico-de-cumplimiento.png\" class=\"elementor-animation-grow attachment-full size-full wp-image-456\" alt=\"\" loading=\"lazy\" srcset=\"https:\/\/grupociita.com.mx\/inicio\/wp-content\/uploads\/2023\/03\/CRE_diagnostico-de-cumplimiento.png 834w, https:\/\/grupociita.com.mx\/inicio\/wp-content\/uploads\/2023\/03\/CRE_diagnostico-de-cumplimiento-300x300.png 300w, https:\/\/grupociita.com.mx\/inicio\/wp-content\/uploads\/2023\/03\/CRE_diagnostico-de-cumplimiento-150x150.png 150w, https:\/\/grupociita.com.mx\/inicio\/wp-content\/uploads\/2023\/03\/CRE_diagnostico-de-cumplimiento-768x768.png 768w\" sizes=\"(max-width: 834px) 100vw, 834px\" \/><\/a><\/figure><div class=\"elementor-image-box-content\"><h4 class=\"elementor-image-box-title\"><a href=\"#\">DIAGN\u00d3STICO DE CUMPLIMIENTO DE CONTROLES VOLUM\u00c9TRICOS<\/a><\/h4><\/div><\/div>\t\t<\/div>\n\t\t\t\t<\/div>\n\t\t\t\t<\/div>\n\t\t\t\t<\/div>\n\t\t\t\t\t<\/div>\n\t\t\t\t<\/div>\n\t\t<div class=\"elementor-element elementor-element-a7592c2 e-flex e-con-boxed e-con\" data-id=\"a7592c2\" data-element_type=\"container\" data-settings=\"{&quot;background_background&quot;:&quot;classic&quot;,&quot;content_width&quot;:&quot;boxed&quot;}\">\n\t\t\t\t\t<div class=\"e-con-inner\">\n\t\t<div class=\"elementor-element elementor-element-0e1ffda e-con-full e-flex e-con\" data-id=\"0e1ffda\" data-element_type=\"container\" data-settings=\"{&quot;content_width&quot;:&quot;full&quot;}\">\n\t\t<div class=\"elementor-element elementor-element-88b559b e-con-full e-flex e-con\" data-id=\"88b559b\" data-element_type=\"container\" data-settings=\"{&quot;content_width&quot;:&quot;full&quot;}\">\n\t\t\t\t<div class=\"elementor-element elementor-element-56e035a elementor-position-top elementor-vertical-align-top elementor-widget elementor-widget-image-box\" data-id=\"56e035a\" data-element_type=\"widget\" data-widget_type=\"image-box.default\">\n\t\t\t\t<div class=\"elementor-widget-container\">\n\t\t\t<div class=\"elementor-image-box-wrapper\"><figure class=\"elementor-image-box-img\"><a href=\"#\"><img decoding=\"async\" width=\"834\" height=\"834\" src=\"https:\/\/grupociita.com.mx\/inicio\/wp-content\/uploads\/2023\/03\/CRE_certificado-de-controles-volumetricos.png\" class=\"elementor-animation-grow attachment-full size-full wp-image-457\" alt=\"\" loading=\"lazy\" srcset=\"https:\/\/grupociita.com.mx\/inicio\/wp-content\/uploads\/2023\/03\/CRE_certificado-de-controles-volumetricos.png 834w, https:\/\/grupociita.com.mx\/inicio\/wp-content\/uploads\/2023\/03\/CRE_certificado-de-controles-volumetricos-300x300.png 300w, https:\/\/grupociita.com.mx\/inicio\/wp-content\/uploads\/2023\/03\/CRE_certificado-de-controles-volumetricos-150x150.png 150w, https:\/\/grupociita.com.mx\/inicio\/wp-content\/uploads\/2023\/03\/CRE_certificado-de-controles-volumetricos-768x768.png 768w\" sizes=\"(max-width: 834px) 100vw, 834px\" \/><\/a><\/figure><div class=\"elementor-image-box-content\"><h4 class=\"elementor-image-box-title\"><a href=\"#\">CERTIFICADO DE CONTROLES VOLUM\u00c9TRICOS<\/a><\/h4><\/div><\/div>\t\t<\/div>\n\t\t\t\t<\/div>\n\t\t\t\t<\/div>\n\t\t<div class=\"elementor-element elementor-element-db67ee0 e-con-full e-flex e-con\" data-id=\"db67ee0\" data-element_type=\"container\" data-settings=\"{&quot;content_width&quot;:&quot;full&quot;}\">\n\t\t\t\t<div class=\"elementor-element elementor-element-cd7fc88 elementor-position-top elementor-vertical-align-top elementor-widget elementor-widget-image-box\" data-id=\"cd7fc88\" data-element_type=\"widget\" data-widget_type=\"image-box.default\">\n\t\t\t\t<div class=\"elementor-widget-container\">\n\t\t\t<div class=\"elementor-image-box-wrapper\"><figure class=\"elementor-image-box-img\"><a href=\"#\"><img decoding=\"async\" width=\"834\" height=\"834\" src=\"https:\/\/grupociita.com.mx\/inicio\/wp-content\/uploads\/2023\/03\/CRE_pruebas-de-calidad-de-petroliferos.png\" class=\"elementor-animation-grow attachment-full size-full wp-image-458\" alt=\"\" loading=\"lazy\" srcset=\"https:\/\/grupociita.com.mx\/inicio\/wp-content\/uploads\/2023\/03\/CRE_pruebas-de-calidad-de-petroliferos.png 834w, https:\/\/grupociita.com.mx\/inicio\/wp-content\/uploads\/2023\/03\/CRE_pruebas-de-calidad-de-petroliferos-300x300.png 300w, https:\/\/grupociita.com.mx\/inicio\/wp-content\/uploads\/2023\/03\/CRE_pruebas-de-calidad-de-petroliferos-150x150.png 150w, https:\/\/grupociita.com.mx\/inicio\/wp-content\/uploads\/2023\/03\/CRE_pruebas-de-calidad-de-petroliferos-768x768.png 768w\" sizes=\"(max-width: 834px) 100vw, 834px\" \/><\/a><\/figure><div class=\"elementor-image-box-content\"><h4 class=\"elementor-image-box-title\"><a href=\"#\">PRUEBAS DE CALIDAD DE PETROL\u00cdFEROS<\/a><\/h4><p class=\"elementor-image-box-description\">NOM-016-CRE-2016<\/p><\/div><\/div>\t\t<\/div>\n\t\t\t\t<\/div>\n\t\t\t\t<\/div>\n\t\t<div class=\"elementor-element elementor-element-a318416 e-con-full e-flex e-con\" data-id=\"a318416\" data-element_type=\"container\" data-settings=\"{&quot;content_width&quot;:&quot;full&quot;}\">\n\t\t\t\t<div class=\"elementor-element elementor-element-9df5f3e elementor-position-top elementor-vertical-align-top elementor-widget elementor-widget-image-box\" data-id=\"9df5f3e\" data-element_type=\"widget\" data-widget_type=\"image-box.default\">\n\t\t\t\t<div class=\"elementor-widget-container\">\n\t\t\t<div class=\"elementor-image-box-wrapper\"><figure class=\"elementor-image-box-img\"><a href=\"#\"><img decoding=\"async\" width=\"834\" height=\"834\" src=\"https:\/\/grupociita.com.mx\/inicio\/wp-content\/uploads\/2023\/03\/CRE_dictamen.png\" class=\"elementor-animation-grow attachment-full size-full wp-image-459\" alt=\"\" loading=\"lazy\" srcset=\"https:\/\/grupociita.com.mx\/inicio\/wp-content\/uploads\/2023\/03\/CRE_dictamen.png 834w, https:\/\/grupociita.com.mx\/inicio\/wp-content\/uploads\/2023\/03\/CRE_dictamen-300x300.png 300w, https:\/\/grupociita.com.mx\/inicio\/wp-content\/uploads\/2023\/03\/CRE_dictamen-150x150.png 150w, https:\/\/grupociita.com.mx\/inicio\/wp-content\/uploads\/2023\/03\/CRE_dictamen-768x768.png 768w\" sizes=\"(max-width: 834px) 100vw, 834px\" \/><\/a><\/figure><div class=\"elementor-image-box-content\"><h4 class=\"elementor-image-box-title\"><a href=\"#\">DICTAMEN<\/a><\/h4><p class=\"elementor-image-box-description\">NOM-016-CRE-2016<\/p><\/div><\/div>\t\t<\/div>\n\t\t\t\t<\/div>\n\t\t\t\t<\/div>\n\t\t<div class=\"elementor-element elementor-element-9baa854 e-con-full e-flex e-con\" data-id=\"9baa854\" data-element_type=\"container\" data-settings=\"{&quot;content_width&quot;:&quot;full&quot;}\">\n\t\t\t\t<\/div>\n\t\t\t\t<\/div>\n\t\t\t\t\t<\/div>\n\t\t\t\t<\/div>\n\t\t<div class=\"elementor-element elementor-element-13b67729 e-flex e-con-boxed e-con\" data-id=\"13b67729\" data-element_type=\"container\" data-settings=\"{&quot;content_width&quot;:&quot;boxed&quot;}\">\n\t\t\t\t\t<div class=\"e-con-inner\">\n\t\t\t\t<div class=\"elementor-element elementor-element-67f3f604 elementor-invisible elementor-widget elementor-widget-heading\" data-id=\"67f3f604\" data-element_type=\"widget\" data-settings=\"{&quot;_animation&quot;:&quot;bounceIn&quot;}\" data-widget_type=\"heading.default\">\n\t\t\t\t<div class=\"elementor-widget-container\">\n\t\t\t<h3 class=\"elementor-heading-title elementor-size-default\">Te ayudamos<\/h3>\t\t<\/div>\n\t\t\t\t<\/div>\n\t\t\t\t<div class=\"elementor-element elementor-element-53921255 elementor-invisible elementor-widget elementor-widget-text-editor\" data-id=\"53921255\" data-element_type=\"widget\" data-settings=\"{&quot;_animation&quot;:&quot;fadeIn&quot;}\" data-widget_type=\"text-editor.default\">\n\t\t\t\t<div class=\"elementor-widget-container\">\n\t\t\t\t\t\t\t<p>\u00a0A resolver necesidades<br \/>en materia de cumplimiento normativo de manera integral y responsable<\/p>\t\t\t\t\t\t<\/div>\n\t\t\t\t<\/div>\n\t\t\t\t\t<\/div>\n\t\t\t\t<\/div>\n\t\t\t\t\t\t\t<\/div>\n\t\t","protected":false},"excerpt":{"rendered":"<p>Comisi\u00f3n Reguladora de Energ\u00eda (CRE) En Grupo CIITA contamos con tr\u00e1mites ante la dependencia de la Comisi\u00f3n Reguladora de Energ\u00eda. Nuestros Servicios Conoce el cat\u00e1logo de servicios que tenemos para ofrecerte PERMISO CRE Pre-Registro en la OPE, Cotejo, OPE CRE, Solicitud de permiso y Seguimiento. REGISTRO DE P\u00d3LIZA DE SEGUROS SISTEMA DE GESTI\u00d3N DE LAS [&hellip;]<\/p>\n","protected":false},"author":1,"featured_media":0,"parent":0,"menu_order":0,"comment_status":"closed","ping_status":"closed","template":"elementor_header_footer","meta":{"_coblocks_attr":"","_coblocks_dimensions":"","_coblocks_responsive_height":"","_coblocks_accordion_ie_support":"","_eb_attr":"","hide_page_title":""},"_links":{"self":[{"href":"https:\/\/grupociita.com.mx\/inicio\/wp-json\/wp\/v2\/pages\/66"}],"collection":[{"href":"https:\/\/grupociita.com.mx\/inicio\/wp-json\/wp\/v2\/pages"}],"about":[{"href":"https:\/\/grupociita.com.mx\/inicio\/wp-json\/wp\/v2\/types\/page"}],"author":[{"embeddable":true,"href":"https:\/\/grupociita.com.mx\/inicio\/wp-json\/wp\/v2\/users\/1"}],"replies":[{"embeddable":true,"href":"https:\/\/grupociita.com.mx\/inicio\/wp-json\/wp\/v2\/comments?post=66"}],"version-history":[{"count":13,"href":"https:\/\/grupociita.com.mx\/inicio\/wp-json\/wp\/v2\/pages\/66\/revisions"}],"predecessor-version":[{"id":469,"href":"https:\/\/grupociita.com.mx\/inicio\/wp-json\/wp\/v2\/pages\/66\/revisions\/469"}],"wp:attachment":[{"href":"https:\/\/grupociita.com.mx\/inicio\/wp-json\/wp\/v2\/media?parent=66"}],"curies":[{"name":"wp","href":"https:\/\/api.w.org\/{rel}","templated":true}]}}